{"id":37505,"date":"2025-11-11T18:04:35","date_gmt":"2025-11-11T17:04:35","guid":{"rendered":"https:\/\/coming-home.ch\/?page_id=37505"},"modified":"2025-12-01T09:13:00","modified_gmt":"2025-12-01T08:13:00","slug":"zusatzleistungen","status":"publish","type":"page","link":"https:\/\/backup.coming-home.ch\/fr\/zusatzleistungen\/","title":{"rendered":"Zusatzleistungen &#8211; v3"},"content":{"rendered":"","protected":false},"excerpt":{"rendered":"","protected":false},"author":4,"featured_media":0,"parent":0,"menu_order":0,"comment_status":"closed","ping_status":"closed","template":"","meta":{"_acf_changed":false,"_seopress_robots_primary_cat":"","_seopress_titles_title":"Immobilien-Komplettservice: R\u00e4umen, Renovieren & Verkaufen %%sep%% %%sitetitle%%","_seopress_titles_desc":"Ihr Partner f\u00fcr den n\u00e4chsten Lebensabschnitt im Wallis. Als Partner der Pro Senectute bieten wir einen Rundum-Sorglos-Service: Von der R\u00e4umung und Reinigung \u00fcber Einlagerung bis zum Immobilienverkauf. Alles aus einer Hand.","_seopress_robots_index":"","footnotes":""},"class_list":["post-37505","page","type-page","status-publish","hentry"],"acf":[],"_links":{"self":[{"href":"https:\/\/backup.coming-home.ch\/fr\/wp-json\/wp\/v2\/pages\/37505","targetHints":{"allow":["GET"]}}],"collection":[{"href":"https:\/\/backup.coming-home.ch\/fr\/wp-json\/wp\/v2\/pages"}],"about":[{"href":"https:\/\/backup.coming-home.ch\/fr\/wp-json\/wp\/v2\/types\/page"}],"author":[{"embeddable":true,"href":"https:\/\/backup.coming-home.ch\/fr\/wp-json\/wp\/v2\/users\/4"}],"replies":[{"embeddable":true,"href":"https:\/\/backup.coming-home.ch\/fr\/wp-json\/wp\/v2\/comments?post=37505"}],"version-history":[{"count":0,"href":"https:\/\/backup.coming-home.ch\/fr\/wp-json\/wp\/v2\/pages\/37505\/revisions"}],"wp:attachment":[{"href":"https:\/\/backup.coming-home.ch\/fr\/wp-json\/wp\/v2\/media?parent=37505"}],"curies":[{"name":"wp","href":"https:\/\/api.w.org\/{rel}","templated":true}]}}