{"id":37494,"date":"2025-11-11T18:02:01","date_gmt":"2025-11-11T17:02:01","guid":{"rendered":"https:\/\/coming-home.ch\/?page_id=37494"},"modified":"2026-01-25T15:38:40","modified_gmt":"2026-01-25T14:38:40","slug":"renovieren","status":"publish","type":"page","link":"https:\/\/backup.coming-home.ch\/fr\/renovieren\/","title":{"rendered":"Renovieren &#8211; v3"},"content":{"rendered":"","protected":false},"excerpt":{"rendered":"","protected":false},"author":4,"featured_media":0,"parent":0,"menu_order":0,"comment_status":"closed","ping_status":"closed","template":"","meta":{"_acf_changed":false,"_seopress_robots_primary_cat":"","_seopress_titles_title":"Immobilie renovieren im Wallis \u2013 Alles aus einer Hand %%sep%% %%sitetitle%%","_seopress_titles_desc":"Planen Sie einen Umbau oder eine Renovation im Wallis? Wir bieten Komplettl\u00f6sungen aus einer Hand: Von der Planung \u00fcber K\u00fcche & Bad bis zur Bauleitung. Transparent, zuverl\u00e4ssig und wertsteigernd. Jetzt unverbindlich beraten lassen!","_seopress_robots_index":"","footnotes":""},"class_list":["post-37494","page","type-page","status-publish","hentry"],"acf":[],"_links":{"self":[{"href":"https:\/\/backup.coming-home.ch\/fr\/wp-json\/wp\/v2\/pages\/37494","targetHints":{"allow":["GET"]}}],"collection":[{"href":"https:\/\/backup.coming-home.ch\/fr\/wp-json\/wp\/v2\/pages"}],"about":[{"href":"https:\/\/backup.coming-home.ch\/fr\/wp-json\/wp\/v2\/types\/page"}],"author":[{"embeddable":true,"href":"https:\/\/backup.coming-home.ch\/fr\/wp-json\/wp\/v2\/users\/4"}],"replies":[{"embeddable":true,"href":"https:\/\/backup.coming-home.ch\/fr\/wp-json\/wp\/v2\/comments?post=37494"}],"version-history":[{"count":0,"href":"https:\/\/backup.coming-home.ch\/fr\/wp-json\/wp\/v2\/pages\/37494\/revisions"}],"wp:attachment":[{"href":"https:\/\/backup.coming-home.ch\/fr\/wp-json\/wp\/v2\/media?parent=37494"}],"curies":[{"name":"wp","href":"https:\/\/api.w.org\/{rel}","templated":true}]}}