{"id":37524,"date":"2025-11-11T18:09:49","date_gmt":"2025-11-11T17:09:49","guid":{"rendered":"https:\/\/coming-home.ch\/?page_id=37524"},"modified":"2026-02-13T17:09:16","modified_gmt":"2026-02-13T16:09:16","slug":"about-us","status":"publish","type":"page","link":"https:\/\/backup.coming-home.ch\/en\/about-us\/","title":{"rendered":"Ueber uns &#8211; v3"},"content":{"rendered":"","protected":false},"excerpt":{"rendered":"","protected":false},"author":4,"featured_media":0,"parent":0,"menu_order":0,"comment_status":"closed","ping_status":"closed","template":"","meta":{"_acf_changed":false,"_seopress_robots_primary_cat":"","_seopress_titles_title":"Ihr zuverl\u00e4ssiger Immobilienpartner im Wallis %%sep%% %%sitetitle%%","_seopress_titles_desc":"Lernen Sie das Team von Coming Home kennen. Wir stehen f\u00fcr Transparenz, Verl\u00e4sslichkeit und pers\u00f6nliche Betreuung im Wallis. Ob Verkauf, Vermietung oder Renovation \u2013 wir behandeln jede Immobilie wie unsere eigene.","_seopress_robots_index":"","footnotes":""},"class_list":["post-37524","page","type-page","status-publish","hentry"],"acf":[],"_links":{"self":[{"href":"https:\/\/backup.coming-home.ch\/en\/wp-json\/wp\/v2\/pages\/37524","targetHints":{"allow":["GET"]}}],"collection":[{"href":"https:\/\/backup.coming-home.ch\/en\/wp-json\/wp\/v2\/pages"}],"about":[{"href":"https:\/\/backup.coming-home.ch\/en\/wp-json\/wp\/v2\/types\/page"}],"author":[{"embeddable":true,"href":"https:\/\/backup.coming-home.ch\/en\/wp-json\/wp\/v2\/users\/4"}],"replies":[{"embeddable":true,"href":"https:\/\/backup.coming-home.ch\/en\/wp-json\/wp\/v2\/comments?post=37524"}],"version-history":[{"count":0,"href":"https:\/\/backup.coming-home.ch\/en\/wp-json\/wp\/v2\/pages\/37524\/revisions"}],"wp:attachment":[{"href":"https:\/\/backup.coming-home.ch\/en\/wp-json\/wp\/v2\/media?parent=37524"}],"curies":[{"name":"wp","href":"https:\/\/api.w.org\/{rel}","templated":true}]}}